{"id":255,"date":"2024-07-30T18:06:21","date_gmt":"2024-07-30T10:06:21","guid":{"rendered":"https:\/\/envguardmachine.com\/?page_id=255"},"modified":"2026-02-13T17:06:34","modified_gmt":"2026-02-13T09:06:34","slug":"about-us","status":"publish","type":"page","link":"https:\/\/envguardmachine.com\/es\/about-us\/","title":{"rendered":"Qui\u00e9nes somos"},"content":{"rendered":"<div class=\"gb-container gb-container-0899388c\">\n<div class=\"gb-container gb-container-5bb9c08e\">\n<div class=\"gb-container gb-container-a03c59b0\">\n<div class=\"gb-container gb-container-0d1b4b25\">\n<div class=\"gb-grid-wrapper gb-grid-wrapper-f0a2c29d\">\n<div class=\"gb-grid-column gb-grid-column-74c1f07e\"><div class=\"gb-container gb-container-74c1f07e\"><\/div><\/div>\n\n<div class=\"gb-grid-column gb-grid-column-f5969d70\"><div class=\"gb-container gb-container-f5969d70\">\n<div class=\"gb-container gb-container-38c7d98f\">\n\n<figure class=\"gb-block-image gb-block-image-19066d60\"><img decoding=\"async\" width=\"1404\" height=\"1732\" class=\"gb-image gb-image-19066d60\" src=\"https:\/\/envguardmachine.com\/wp-content\/uploads\/2026\/02\/about-envguard1.jpg\" alt=\"\" title=\"about-envguard1\" srcset=\"https:\/\/envguardmachine.com\/wp-content\/uploads\/2026\/02\/about-envguard1.jpg 1404w, https:\/\/envguardmachine.com\/wp-content\/uploads\/2026\/02\/about-envguard1-243x300.jpg 243w, https:\/\/envguardmachine.com\/wp-content\/uploads\/2026\/02\/about-envguard1-830x1024.jpg 830w, https:\/\/envguardmachine.com\/wp-content\/uploads\/2026\/02\/about-envguard1-768x947.jpg 768w, https:\/\/envguardmachine.com\/wp-content\/uploads\/2026\/02\/about-envguard1-1245x1536.jpg 1245w, https:\/\/envguardmachine.com\/wp-content\/uploads\/2026\/02\/about-envguard1-10x12.jpg 10w\" sizes=\"(max-width: 1404px) 100vw, 1404px\" \/><\/figure>\n\n<\/div>\n<\/div><\/div>\n\n<div class=\"gb-grid-column gb-grid-column-25b2111d\"><div class=\"gb-container gb-container-25b2111d\">\n\n<h4 class=\"gb-headline gb-headline-21993908\"><span class=\"gb-icon\"><svg xml:space=\"preserve\" viewbox=\"0 0 490 490\" xmlns:xlink=\"http:\/\/www.w3.org\/1999\/xlink\" xmlns=\"http:\/\/www.w3.org\/2000\/svg\" id=\"Capa_1\" version=\"1.1\" fill=\"#000000\"><g stroke-width=\"0\" id=\"SVGRepo_bgCarrier\"><\/g><g stroke-linejoin=\"round\" stroke-linecap=\"round\" id=\"SVGRepo_tracerCarrier\"><\/g><g id=\"SVGRepo_iconCarrier\"> <rect height=\"45.938\" width=\"490\" y=\"222.031\"><\/rect> <\/g><\/svg><\/span><span class=\"gb-headline-text\">Env-Guard<\/span><\/h4>\n\n\n\n<h2 class=\"gb-headline gb-headline-4cd21e92 gb-headline-text\">Fabricante l\u00edder en soluciones de reciclaje<\/h2>\n\n\n\n<p class=\"gb-headline gb-headline-c5dba47b gb-headline-text\">Env-Guard emerge como pionero en la industria del reciclaje, <strong>trituradoras y trituradoras de metal avanzadas dise\u00f1adas para ser eficientes y sostenibles<\/strong>. Nuestra completa gama de productos satisface una amplia variedad de necesidades de reciclaje, haciendo hincapi\u00e9 en la durabilidad, el rendimiento y la responsabilidad medioambiental. <\/p>\n\n\n\n<p class=\"gb-headline gb-headline-1b4f71a5 gb-headline-text\">Comprometida con la innovaci\u00f3n, Env-Guard dota a las empresas de las herramientas necesarias para convertir los residuos en materiales reutilizables.<\/p>\n\n\n<div class=\"gb-container gb-container-8018a7aa\">\n\n<a class=\"gb-button gb-button-076d6ed8 gb-button-text\" href=\"#popmake-61\">Hable con nuestros expertos<\/a>\n\n<\/div>\n<\/div><\/div>\n<\/div>\n<\/div>\n<\/div>\n<\/div>\n<\/div>\n\n<div class=\"gb-container gb-container-d5ecfbb7\">\n<div class=\"gb-grid-wrapper gb-grid-wrapper-5340ea62\">\n<div class=\"gb-grid-column gb-grid-column-29839b4d\"><div class=\"gb-container gb-container-29839b4d\">\n\n<figure class=\"gb-block-image gb-block-image-1d0362d5\"><img decoding=\"async\" width=\"446\" height=\"290\" class=\"gb-image gb-image-1d0362d5\" src=\"https:\/\/envguardmachine.com\/wp-content\/uploads\/2026\/02\/about-4.jpg\" alt=\"\" title=\"about (4)\" srcset=\"https:\/\/envguardmachine.com\/wp-content\/uploads\/2026\/02\/about-4.jpg 446w, https:\/\/envguardmachine.com\/wp-content\/uploads\/2026\/02\/about-4-300x195.jpg 300w, https:\/\/envguardmachine.com\/wp-content\/uploads\/2026\/02\/about-4-18x12.jpg 18w\" sizes=\"(max-width: 446px) 100vw, 446px\" \/><\/figure>\n\n<\/div><\/div>\n\n<div class=\"gb-grid-column gb-grid-column-6c8a1f55\"><div class=\"gb-container gb-container-6c8a1f55\">\n\n<figure class=\"gb-block-image gb-block-image-09b97b4d\"><img decoding=\"async\" width=\"446\" height=\"290\" class=\"gb-image gb-image-09b97b4d\" src=\"https:\/\/envguardmachine.com\/wp-content\/uploads\/2026\/02\/about-1.jpg\" alt=\"\" title=\"about (1)\" srcset=\"https:\/\/envguardmachine.com\/wp-content\/uploads\/2026\/02\/about-1.jpg 446w, https:\/\/envguardmachine.com\/wp-content\/uploads\/2026\/02\/about-1-300x195.jpg 300w, https:\/\/envguardmachine.com\/wp-content\/uploads\/2026\/02\/about-1-18x12.jpg 18w\" sizes=\"(max-width: 446px) 100vw, 446px\" \/><\/figure>\n\n<\/div><\/div>\n\n<div class=\"gb-grid-column gb-grid-column-cb6a3c6f\"><div class=\"gb-container gb-container-cb6a3c6f\">\n\n<figure class=\"gb-block-image gb-block-image-9fceba34\"><img decoding=\"async\" width=\"446\" height=\"290\" class=\"gb-image gb-image-9fceba34\" src=\"https:\/\/envguardmachine.com\/wp-content\/uploads\/2026\/02\/about7.jpg\" alt=\"\" title=\"about7\" srcset=\"https:\/\/envguardmachine.com\/wp-content\/uploads\/2026\/02\/about7.jpg 446w, https:\/\/envguardmachine.com\/wp-content\/uploads\/2026\/02\/about7-300x195.jpg 300w, https:\/\/envguardmachine.com\/wp-content\/uploads\/2026\/02\/about7-18x12.jpg 18w\" sizes=\"(max-width: 446px) 100vw, 446px\" \/><\/figure>\n\n<\/div><\/div>\n\n<div class=\"gb-grid-column gb-grid-column-767355bf\"><div class=\"gb-container gb-container-767355bf\">\n\n<figure class=\"gb-block-image gb-block-image-77d93857\"><img decoding=\"async\" width=\"446\" height=\"290\" class=\"gb-image gb-image-77d93857\" src=\"https:\/\/envguardmachine.com\/wp-content\/uploads\/2026\/02\/about-2.jpg\" alt=\"\" title=\"about (2)\" srcset=\"https:\/\/envguardmachine.com\/wp-content\/uploads\/2026\/02\/about-2.jpg 446w, https:\/\/envguardmachine.com\/wp-content\/uploads\/2026\/02\/about-2-300x195.jpg 300w, https:\/\/envguardmachine.com\/wp-content\/uploads\/2026\/02\/about-2-18x12.jpg 18w\" sizes=\"(max-width: 446px) 100vw, 446px\" \/><\/figure>\n\n<\/div><\/div>\n\n<div class=\"gb-grid-column gb-grid-column-e296fc03\"><div class=\"gb-container gb-container-e296fc03\">\n\n<figure class=\"gb-block-image gb-block-image-329e5ca6\"><img decoding=\"async\" width=\"446\" height=\"290\" class=\"gb-image gb-image-329e5ca6\" src=\"https:\/\/envguardmachine.com\/wp-content\/uploads\/2026\/02\/about-6.jpg\" alt=\"\" title=\"about (6)\" srcset=\"https:\/\/envguardmachine.com\/wp-content\/uploads\/2026\/02\/about-6.jpg 446w, https:\/\/envguardmachine.com\/wp-content\/uploads\/2026\/02\/about-6-300x195.jpg 300w, https:\/\/envguardmachine.com\/wp-content\/uploads\/2026\/02\/about-6-18x12.jpg 18w\" sizes=\"(max-width: 446px) 100vw, 446px\" \/><\/figure>\n\n<\/div><\/div>\n\n<div class=\"gb-grid-column gb-grid-column-0f766735\"><div class=\"gb-container gb-container-0f766735\">\n\n<figure class=\"gb-block-image gb-block-image-3ae2f960\"><img decoding=\"async\" width=\"446\" height=\"290\" class=\"gb-image gb-image-3ae2f960\" src=\"https:\/\/envguardmachine.com\/wp-content\/uploads\/2026\/02\/about-3.jpg\" alt=\"\" title=\"about (3)\" srcset=\"https:\/\/envguardmachine.com\/wp-content\/uploads\/2026\/02\/about-3.jpg 446w, https:\/\/envguardmachine.com\/wp-content\/uploads\/2026\/02\/about-3-300x195.jpg 300w, https:\/\/envguardmachine.com\/wp-content\/uploads\/2026\/02\/about-3-18x12.jpg 18w\" sizes=\"(max-width: 446px) 100vw, 446px\" \/><\/figure>\n\n<\/div><\/div>\n\n<div class=\"gb-grid-column gb-grid-column-6b47eeff\"><div class=\"gb-container gb-container-6b47eeff\">\n\n<figure class=\"gb-block-image gb-block-image-d52a3768\"><img decoding=\"async\" width=\"446\" height=\"290\" class=\"gb-image gb-image-d52a3768\" src=\"https:\/\/envguardmachine.com\/wp-content\/uploads\/2026\/02\/about-5.jpg\" alt=\"\" title=\"about (5)\" srcset=\"https:\/\/envguardmachine.com\/wp-content\/uploads\/2026\/02\/about-5.jpg 446w, https:\/\/envguardmachine.com\/wp-content\/uploads\/2026\/02\/about-5-300x195.jpg 300w, https:\/\/envguardmachine.com\/wp-content\/uploads\/2026\/02\/about-5-18x12.jpg 18w\" sizes=\"(max-width: 446px) 100vw, 446px\" \/><\/figure>\n\n<\/div><\/div>\n\n<div class=\"gb-grid-column gb-grid-column-8ad2beca\"><div class=\"gb-container gb-container-8ad2beca\">\n\n<figure class=\"gb-block-image gb-block-image-545cafb6\"><img decoding=\"async\" width=\"446\" height=\"290\" class=\"gb-image gb-image-545cafb6\" src=\"https:\/\/envguardmachine.com\/wp-content\/uploads\/2026\/02\/about8.jpg\" alt=\"\" title=\"about8\" srcset=\"https:\/\/envguardmachine.com\/wp-content\/uploads\/2026\/02\/about8.jpg 446w, https:\/\/envguardmachine.com\/wp-content\/uploads\/2026\/02\/about8-300x195.jpg 300w, https:\/\/envguardmachine.com\/wp-content\/uploads\/2026\/02\/about8-18x12.jpg 18w\" sizes=\"(max-width: 446px) 100vw, 446px\" \/><\/figure>\n\n<\/div><\/div>\n<\/div>\n<\/div>\n\n<div class=\"gb-container gb-container-29231be4\">\n<div class=\"gb-container gb-container-dbe29753\">\n<div class=\"gb-container gb-container-d2366f45\">\n<div class=\"gb-container gb-container-07543344\">\n<div class=\"gb-container gb-container-1fea5fe1\">\n\n<h4 class=\"gb-headline gb-headline-59d94164\"><span class=\"gb-icon\"><svg fill=\"#000000\" version=\"1.1\" id=\"Capa_1\" xmlns=\"http:\/\/www.w3.org\/2000\/svg\" xmlns:xlink=\"http:\/\/www.w3.org\/1999\/xlink\" viewbox=\"0 0 490 490\" xml:space=\"preserve\"><g id=\"SVGRepo_bgCarrier\" stroke-width=\"0\"><\/g><g id=\"SVGRepo_tracerCarrier\" stroke-linecap=\"round\" stroke-linejoin=\"round\"><\/g><g id=\"SVGRepo_iconCarrier\"> <rect y=\"222.031\" width=\"490\" height=\"45.938\"><\/rect> <\/g><\/svg><\/span><span class=\"gb-headline-text\">Convierta sus residuos en objetos de valor<\/span><\/h4>\n\n\n\n<h4 class=\"gb-headline gb-headline-b09170e1\"><span class=\"gb-icon\"><svg fill=\"#000000\" version=\"1.1\" id=\"Capa_1\" xmlns=\"http:\/\/www.w3.org\/2000\/svg\" xmlns:xlink=\"http:\/\/www.w3.org\/1999\/xlink\" viewbox=\"0 0 490 490\" xml:space=\"preserve\"><g id=\"SVGRepo_bgCarrier\" stroke-width=\"0\"><\/g><g id=\"SVGRepo_tracerCarrier\" stroke-linecap=\"round\" stroke-linejoin=\"round\"><\/g><g id=\"SVGRepo_iconCarrier\"> <rect y=\"222.031\" width=\"490\" height=\"45.938\"><\/rect> <\/g><\/svg><\/span><\/h4>\n\n<\/div>\n<\/div>\n\n\n<h2 class=\"gb-headline gb-headline-0b6128ca gb-headline-text\">Nuestras soluciones de reciclaje<\/h2>\n\n\n\n<p>Env-Guard ofrece una amplia gama de soluciones de reciclaje de residuos, destacando en el procesamiento de diversos materiales. Nuestra s\u00f3lida cartera de equipos incluye maquinaria de alto rendimiento para triturar y moler caucho, aplastar pl\u00e1sticos, descomponer metales, etc.<\/p>\n\n\n<div class=\"gb-container gb-container-4b931628\">\n<div class=\"gb-grid-wrapper gb-grid-wrapper-0dc50399\">\n<div class=\"gb-grid-column gb-grid-column-e3b3fbd3\"><div class=\"gb-container gb-container-e3b3fbd3\">\n<div class=\"gb-container gb-container-881daf25\">\n\n<figure class=\"gb-block-image gb-block-image-f8a6bebb\"><img decoding=\"async\" width=\"235\" height=\"282\" class=\"gb-image gb-image-f8a6bebb\" src=\"http:\/\/envguardmachine.com\/wp-content\/uploads\/2024\/07\/tyre-shred.jpg\" alt=\"\" title=\"triturador de neum\u00e1ticos\"\/><\/figure>\n\n\n\n<h4 class=\"gb-headline gb-headline-5f98ffb9 gb-headline-text\">Trituraci\u00f3n de neum\u00e1ticos usados<\/h4>\n\n<\/div>\n<\/div><\/div>\n\n<div class=\"gb-grid-column gb-grid-column-4a6a2d92\"><div class=\"gb-container gb-container-4a6a2d92\">\n<div class=\"gb-container gb-container-544516da\">\n\n<figure class=\"gb-block-image gb-block-image-f4ae8ad4\"><img decoding=\"async\" width=\"235\" height=\"282\" class=\"gb-image gb-image-f4ae8ad4\" src=\"http:\/\/envguardmachine.com\/wp-content\/uploads\/2024\/07\/powder-crush.jpg\" alt=\"\" title=\"polvo-empolvado\"\/><\/figure>\n\n\n\n<h4 class=\"gb-headline gb-headline-62f2ecb0 gb-headline-text\">Molienda de goma<\/h4>\n\n<\/div>\n<\/div><\/div>\n\n<div class=\"gb-grid-column gb-grid-column-f10cbbda\"><div class=\"gb-container gb-container-f10cbbda\">\n<div class=\"gb-container gb-container-33c8726b\">\n\n<figure class=\"gb-block-image gb-block-image-c869b176\"><img decoding=\"async\" width=\"235\" height=\"282\" class=\"gb-image gb-image-c869b176\" src=\"http:\/\/envguardmachine.com\/wp-content\/uploads\/2024\/07\/metal-crush.jpg\" alt=\"\" title=\"metal-crush\"\/><\/figure>\n\n\n\n<h4 class=\"gb-headline gb-headline-3d619d9b gb-headline-text\">Metal Crush<\/h4>\n\n<\/div>\n<\/div><\/div>\n\n<div class=\"gb-grid-column gb-grid-column-240ee80e\"><div class=\"gb-container gb-container-240ee80e\">\n<div class=\"gb-container gb-container-9a42cc64\">\n\n<figure class=\"gb-block-image gb-block-image-459b70da\"><img decoding=\"async\" width=\"235\" height=\"282\" class=\"gb-image gb-image-459b70da\" src=\"http:\/\/envguardmachine.com\/wp-content\/uploads\/2024\/07\/plastic-crush.jpg\" alt=\"\" title=\"plastic-crush\"\/><\/figure>\n\n\n\n<h4 class=\"gb-headline gb-headline-cd161105 gb-headline-text\">Plastic Crush<\/h4>\n\n<\/div>\n<\/div><\/div>\n<\/div>\n<\/div>\n\n<div class=\"gb-container gb-container-9640d817\">\n\n<a class=\"gb-button gb-button-e3a019d4 gb-button-text\" href=\"#popmake-61\">Personalice sus soluciones<\/a>\n\n<\/div>\n<\/div>\n<\/div>\n<\/div>\n\n<div class=\"gb-container gb-container-b0200ca3\">\n<div class=\"gb-container gb-container-f54fa40a\">\n<div class=\"gb-container gb-container-acda63b9\">\n<div class=\"gb-container gb-container-90610951\">\n<div class=\"gb-container gb-container-27e28db3\">\n\n<h4 class=\"gb-headline gb-headline-a77a0831\"><span class=\"gb-icon\"><svg fill=\"#000000\" version=\"1.1\" id=\"Capa_1\" xmlns=\"http:\/\/www.w3.org\/2000\/svg\" xmlns:xlink=\"http:\/\/www.w3.org\/1999\/xlink\" viewbox=\"0 0 490 490\" xml:space=\"preserve\"><g id=\"SVGRepo_bgCarrier\" stroke-width=\"0\"><\/g><g id=\"SVGRepo_tracerCarrier\" stroke-linecap=\"round\" stroke-linejoin=\"round\"><\/g><g id=\"SVGRepo_iconCarrier\"> <rect y=\"222.031\" width=\"490\" height=\"45.938\"><\/rect> <\/g><\/svg><\/span><span class=\"gb-headline-text\">Nuestra fuerza<\/span><\/h4>\n\n\n\n<h4 class=\"gb-headline gb-headline-d8901a90\"><span class=\"gb-icon\"><svg fill=\"#000000\" version=\"1.1\" id=\"Capa_1\" xmlns=\"http:\/\/www.w3.org\/2000\/svg\" xmlns:xlink=\"http:\/\/www.w3.org\/1999\/xlink\" viewbox=\"0 0 490 490\" xml:space=\"preserve\"><g id=\"SVGRepo_bgCarrier\" stroke-width=\"0\"><\/g><g id=\"SVGRepo_tracerCarrier\" stroke-linecap=\"round\" stroke-linejoin=\"round\"><\/g><g id=\"SVGRepo_iconCarrier\"> <rect y=\"222.031\" width=\"490\" height=\"45.938\"><\/rect> <\/g><\/svg><\/span><\/h4>\n\n<\/div>\n<\/div>\n\n\n<h2 class=\"gb-headline gb-headline-89286d02 gb-headline-text\">Env-Guard siempre a su servicio<\/h2>\n\n\n\n<p class=\"has-text-align-center\">En Env-Guard, maquinaria de \u00faltima generaci\u00f3n y un equipo de profesionales cualificados se unen para transformar dise\u00f1os innovadores en soluciones tangibles, mostrando la formidable fortaleza de nuestros procesos de fabricaci\u00f3n.<\/p>\n\n\n<div class=\"gb-container gb-container-0c9d8d55\">\n<div class=\"gb-grid-wrapper gb-grid-wrapper-ce0c983f\">\n<div class=\"gb-grid-column gb-grid-column-cdf175cd\"><div class=\"gb-container gb-container-cdf175cd\">\n\n<h2 class=\"gb-headline gb-headline-a27f6342 gb-headline-text\">30000+\u33a1<\/h2>\n\n\n\n<h3 class=\"gb-headline gb-headline-5e76b507 gb-headline-text\">Construcci\u00f3n de plantas<\/h3>\n\n<\/div><\/div>\n\n<div class=\"gb-grid-column gb-grid-column-05e94e99\"><div class=\"gb-container gb-container-05e94e99\">\n\n<h2 class=\"gb-headline gb-headline-39f16725 gb-headline-text\">100+<\/h2>\n\n\n\n<h3 class=\"gb-headline gb-headline-b52dc983 gb-headline-text\">Pa\u00edses de comercializaci\u00f3n<\/h3>\n\n<\/div><\/div>\n\n<div class=\"gb-grid-column gb-grid-column-39feb574\"><div class=\"gb-container gb-container-39feb574\">\n\n<h2 class=\"gb-headline gb-headline-cdd5bd6c gb-headline-text\">800+<\/h2>\n\n\n\n<h3 class=\"gb-headline gb-headline-aa10cd46 gb-headline-text\">Ingenieros<\/h3>\n\n<\/div><\/div>\n\n<div class=\"gb-grid-column gb-grid-column-fdd4a63a\"><div class=\"gb-container gb-container-fdd4a63a\">\n\n<h2 class=\"gb-headline gb-headline-9a2f718a gb-headline-text\">500+<\/h2>\n\n\n\n<h3 class=\"gb-headline gb-headline-cf6d37c7 gb-headline-text\">Vendedores<\/h3>\n\n<\/div><\/div>\n<\/div>\n<\/div>\n\n<div class=\"gb-container gb-container-6a51e3a7\">\n\n<a class=\"gb-button gb-button-19f44ca3 gb-button-text\" href=\"#popmake-61\">Personalice sus soluciones<\/a>\n\n<\/div>\n<\/div>\n<\/div>\n<\/div>\n\n<div class=\"gb-container gb-container-7b909b3e\">\n<div class=\"gb-container gb-container-ea4ccabf\">\n<div class=\"gb-container gb-container-dba12107\">\n<div class=\"gb-container gb-container-f486b116\">\n<div class=\"gb-grid-wrapper gb-grid-wrapper-ef538381\">\n<div class=\"gb-grid-column gb-grid-column-76d07de5\"><div class=\"gb-container gb-container-76d07de5\">\n<div class=\"gb-container gb-container-481f46bb\">\n\n<h4 class=\"gb-headline gb-headline-18008b25\"><span class=\"gb-icon\"><svg xml:space=\"preserve\" viewbox=\"0 0 490 490\" xmlns:xlink=\"http:\/\/www.w3.org\/1999\/xlink\" xmlns=\"http:\/\/www.w3.org\/2000\/svg\" id=\"Capa_1\" version=\"1.1\" fill=\"#000000\"><g stroke-width=\"0\" id=\"SVGRepo_bgCarrier\"><\/g><g stroke-linejoin=\"round\" stroke-linecap=\"round\" id=\"SVGRepo_tracerCarrier\"><\/g><g id=\"SVGRepo_iconCarrier\"> <rect height=\"45.938\" width=\"490\" y=\"222.031\"><\/rect> <\/g><\/svg><\/span><span class=\"gb-headline-text\">Visi\u00f3n y misi\u00f3n<\/span><\/h4>\n\n\n\n<h2 class=\"gb-headline gb-headline-6971e728 gb-headline-text\">Un futuro sostenible para las empresas y el planeta<\/h2>\n\n\n\n<p class=\"gb-headline gb-headline-6be8e20c gb-headline-text\">La misi\u00f3n de Env-Guard es equipar a las empresas con maquinaria superior de reciclaje de residuos que no s\u00f3lo sea eficiente y fiable, sino tambi\u00e9n respetuosa con el medio ambiente. <strong>Nos comprometemos a crear soluciones que ayuden a nuestros socios a reducir su huella de carbono, cumplir la normativa medioambiental y alcanzar sus objetivos de sostenibilidad, todo ello maximizando la rentabilidad y la excelencia operativa.<\/strong><\/p>\n\n\n\n<p class=\"gb-headline gb-headline-d933c3ff gb-headline-text\">Nuestro objetivo es estar a la vanguardia de esta revoluci\u00f3n, transformando la industria del reciclaje con maquinaria innovadora que ayude a las empresas a convertir la protecci\u00f3n del medio ambiente en \u00e9xito econ\u00f3mico.<\/p>\n\n\n<div class=\"gb-container gb-container-d1d8e585\">\n\n<a class=\"gb-button gb-button-a21363f9 gb-button-text\" href=\"#popmake-61\">Hable con nuestros expertos<\/a>\n\n<\/div>\n<\/div>\n<\/div><\/div>\n\n<div class=\"gb-grid-column gb-grid-column-a5752cba\"><div class=\"gb-container gb-container-a5752cba\">\n<div class=\"gb-container gb-container-ccd2bce7\">\n\n<h2 class=\"gb-headline gb-headline-adddadc1 gb-headline-text\">Personalice sus soluciones<\/h2>\n\n\n\n<div class=\"wp-block-contact-form-7-contact-form-selector\">\n<div class=\"wpcf7 no-js\" id=\"wpcf7-f13-o1\" lang=\"en-US\" dir=\"ltr\" data-wpcf7-id=\"13\">\n<div class=\"screen-reader-response\"><p role=\"status\" aria-live=\"polite\" aria-atomic=\"true\"><\/p> <ul><\/ul><\/div>\n<form action=\"\/es\/wp-json\/wp\/v2\/pages\/255#wpcf7-f13-o1\" method=\"post\" class=\"wpcf7-form init\" aria-label=\"Formulario de contacto\" novalidate=\"novalidate\" data-status=\"init\" data-trp-original-action=\"\/es\/wp-json\/wp\/v2\/pages\/255#wpcf7-f13-o1\">\n<fieldset class=\"hidden-fields-container\"><input type=\"hidden\" name=\"_wpcf7\" value=\"13\" \/><input type=\"hidden\" name=\"_wpcf7_version\" value=\"6.1.5\" \/><input type=\"hidden\" name=\"_wpcf7_locale\" value=\"en_US\" \/><input type=\"hidden\" name=\"_wpcf7_unit_tag\" value=\"wpcf7-f13-o1\" \/><input type=\"hidden\" name=\"_wpcf7_container_post\" value=\"0\" \/><input type=\"hidden\" name=\"_wpcf7_posted_data_hash\" value=\"\" \/>\n<\/fieldset>\n<p><label><span class=\"wpcf7-form-control-wrap\" data-name=\"your-name\"><input size=\"40\" maxlength=\"400\" class=\"wpcf7-form-control wpcf7-text wpcf7-validates-as-required\" aria-required=\"true\" aria-invalid=\"false\" placeholder=\"Nombre\" value=\"\" type=\"text\" name=\"your-name\" \/><\/span><\/label>\n<\/p>\n<p><label><span class=\"wpcf7-form-control-wrap\" data-name=\"your-email\"><input size=\"40\" maxlength=\"400\" class=\"wpcf7-form-control wpcf7-email wpcf7-validates-as-required wpcf7-text wpcf7-validates-as-email\" aria-required=\"true\" aria-invalid=\"false\" placeholder=\"Correo electr\u00f3nico\" value=\"\" type=\"email\" name=\"your-email\" \/><\/span><\/label>\n<\/p>\n<p><label><span class=\"wpcf7-form-control-wrap\" data-name=\"your-tel\"><input size=\"40\" maxlength=\"400\" class=\"wpcf7-form-control wpcf7-tel wpcf7-validates-as-required wpcf7-text wpcf7-validates-as-tel\" aria-required=\"true\" aria-invalid=\"false\" placeholder=\"Tel\u00e9fono\" value=\"\" type=\"tel\" name=\"your-tel\" \/><\/span><\/label>\n<\/p>\n<p><label><span class=\"wpcf7-form-control-wrap\" data-name=\"your-message\"><textarea cols=\"40\" rows=\"10\" maxlength=\"2000\" class=\"wpcf7-form-control wpcf7-textarea wpcf7-validates-as-required\" aria-required=\"true\" aria-invalid=\"false\" placeholder=\"Mensaje*: 1. \u00bfQu\u00e9 m\u00e1quina necesita? 2. \u00bfCu\u00e1l es su materia prima? 3. \u00bfCu\u00e1l es su producto final previsto?\" name=\"your-message\"><\/textarea><\/span> <\/label>\n<\/p>\n<p><input class=\"wpcf7-form-control wpcf7-submit has-spinner\" type=\"submit\" value=\"Enviar\" \/>\n<\/p><input type=\"hidden\" id=\"ct_checkjs_cf7_69421f032498c97020180038fddb8e24\" name=\"ct_checkjs_cf7\" value=\"0\" \/><script >setTimeout(function(){var ct_input_name = \"ct_checkjs_cf7_69421f032498c97020180038fddb8e24\";if (document.getElementById(ct_input_name) !== null) {var ct_input_value = document.getElementById(ct_input_name).value;document.getElementById(ct_input_name).value = document.getElementById(ct_input_name).value.replace(ct_input_value, 'e8a0f2b36b5bc069b71f26eafab8344717b69a596cba111a2674b78ff4be454d');}}, 1000);<\/script><input type='hidden' class='wpcf7-pum' value='{\"closepopup\":false,\"closedelay\":0,\"openpopup\":false,\"openpopup_id\":0}' \/><div class=\"wpcf7-response-output\" aria-hidden=\"true\"><\/div>\n<input type=\"hidden\" name=\"trp-form-language\" value=\"es\"\/><\/form>\n<\/div>\n<\/div>\n\n<\/div>\n<\/div><\/div>\n<\/div>\n<\/div>\n<\/div>\n<\/div>\n<\/div>","protected":false},"excerpt":{"rendered":"<p>Turn your waste into valuables Our Recycling Solutions Env-Guard delivers a spectrum of waste recycling solutions, excelling in the processing of diverse materials. Our robust equipment portfolio includes high-performance machinery for shredding and grinding rubber, crushing plastics, breaking down metals, and so on. Our Strength Env-Guard Always Ready to Serve You In Env-Guard, state-of-the-art machinery &#8230; <a title=\"Qui\u00e9nes somos\" class=\"read-more\" href=\"https:\/\/envguardmachine.com\/es\/about-us\/\" aria-label=\"Leer m\u00e1s sobre About Us\">Leer m\u00e1s<\/a><\/p>","protected":false},"author":1,"featured_media":0,"parent":0,"menu_order":0,"comment_status":"closed","ping_status":"closed","template":"","meta":{"footnotes":""},"class_list":["post-255","page","type-page","status-publish"],"_links":{"self":[{"href":"https:\/\/envguardmachine.com\/es\/wp-json\/wp\/v2\/pages\/255","targetHints":{"allow":["GET"]}}],"collection":[{"href":"https:\/\/envguardmachine.com\/es\/wp-json\/wp\/v2\/pages"}],"about":[{"href":"https:\/\/envguardmachine.com\/es\/wp-json\/wp\/v2\/types\/page"}],"author":[{"embeddable":true,"href":"https:\/\/envguardmachine.com\/es\/wp-json\/wp\/v2\/users\/1"}],"replies":[{"embeddable":true,"href":"https:\/\/envguardmachine.com\/es\/wp-json\/wp\/v2\/comments?post=255"}],"version-history":[{"count":0,"href":"https:\/\/envguardmachine.com\/es\/wp-json\/wp\/v2\/pages\/255\/revisions"}],"wp:attachment":[{"href":"https:\/\/envguardmachine.com\/es\/wp-json\/wp\/v2\/media?parent=255"}],"curies":[{"name":"wp","href":"https:\/\/api.w.org\/{rel}","templated":true}]}}