{"id":219,"date":"2024-07-26T18:31:31","date_gmt":"2024-07-26T10:31:31","guid":{"rendered":"https:\/\/envguardmachine.com\/?page_id=219"},"modified":"2026-02-13T17:07:10","modified_gmt":"2026-02-13T09:07:10","slug":"contact-us","status":"publish","type":"page","link":"https:\/\/envguardmachine.com\/es\/contact-us\/","title":{"rendered":"P\u00f3ngase en contacto con nosotros"},"content":{"rendered":"<div class=\"gb-container gb-container-27de80d1\">\n<div class=\"gb-container gb-container-99361f39\">\n<div class=\"gb-container gb-container-f6353a65\">\n<div class=\"gb-grid-wrapper gb-grid-wrapper-717e6036\">\n<div class=\"gb-grid-column gb-grid-column-a71d68ef\"><div class=\"gb-container gb-container-a71d68ef\">\n\n<figure class=\"gb-block-image gb-block-image-8ff0cdfa\"><img decoding=\"async\" width=\"300\" height=\"135\" class=\"gb-image gb-image-8ff0cdfa\" src=\"https:\/\/envguardmachine.com\/wp-content\/uploads\/2025\/05\/envg-logo-new-300x135.png\" alt=\"\" title=\"envg logo nuevo\" srcset=\"https:\/\/envguardmachine.com\/wp-content\/uploads\/2025\/05\/envg-logo-new-300x135.png 300w, https:\/\/envguardmachine.com\/wp-content\/uploads\/2025\/05\/envg-logo-new-768x344.png 768w, https:\/\/envguardmachine.com\/wp-content\/uploads\/2025\/05\/envg-logo-new.png 930w\" sizes=\"(max-width: 300px) 100vw, 300px\" \/><\/figure>\n\n\n\n<p class=\"gb-headline gb-headline-1732c073 gb-headline-text\">Env-Guard es una fuerza pionera en el sector de la tecnolog\u00eda medioambiental, conocida por sus trituradoras y machacadoras de metal de \u00faltima generaci\u00f3n. <\/p>\n\n\n\n<p>Con un firme compromiso con la sostenibilidad, <strong>somos especialistas en soluciones de reciclaje de vanguardia<\/strong>ayudando a las empresas de todo el mundo a transformar los residuos en recursos valiosos. <\/p>\n\n\n\n<p>La s\u00f3lida cartera de maquinaria de Env-Guard, combinada con nuestra dedicaci\u00f3n al servicio al cliente y al cuidado del medio ambiente, nos posiciona como un socio de confianza en el movimiento global hacia un futuro m\u00e1s ecol\u00f3gico. <\/p>\n\n<\/div><\/div>\n\n<div class=\"gb-grid-column gb-grid-column-ebfa7969\"><div class=\"gb-container gb-container-ebfa7969\">\n<div class=\"gb-container gb-container-3b0965cb\">\n\n<h2 class=\"gb-headline gb-headline-2f5ecfdc gb-headline-text\">Direcci\u00f3n de correo electr\u00f3nico<\/h2>\n\n\n\n<p class=\"gb-headline gb-headline-e00641c3 gb-headline-text\"><a href=\"mailto:inquiry@envguardmachine.com\">inquiry@envguardmachine.com<\/a><\/p>\n\n\n\n<h2 class=\"gb-headline gb-headline-e559591e gb-headline-text\">Direcci\u00f3n<\/h2>\n\n\n\n<p>Zhengzhou, Henan, China<\/p>\n\n<\/div>\n<\/div><\/div>\n<\/div>\n<\/div>\n<\/div>\n<\/div>\n\n<div class=\"gb-container gb-container-c48ba6f5\">\n<div class=\"gb-container gb-container-80c7f9f0\">\n<div class=\"gb-container gb-container-822a692d\">\n<div class=\"gb-container gb-container-1fea5fe1 alignwide\">\n\n<h4 class=\"gb-headline gb-headline-59d94164\"><span class=\"gb-icon\"><svg fill=\"#000000\" version=\"1.1\" id=\"Capa_1\" xmlns=\"http:\/\/www.w3.org\/2000\/svg\" xmlns:xlink=\"http:\/\/www.w3.org\/1999\/xlink\" viewbox=\"0 0 490 490\" xml:space=\"preserve\"><g id=\"SVGRepo_bgCarrier\" stroke-width=\"0\"><\/g><g id=\"SVGRepo_tracerCarrier\" stroke-linecap=\"round\" stroke-linejoin=\"round\"><\/g><g id=\"SVGRepo_iconCarrier\"> <rect y=\"222.031\" width=\"490\" height=\"45.938\"><\/rect> <\/g><\/svg><\/span><span class=\"gb-headline-text\">P\u00f3ngase en contacto<\/span><\/h4>\n\n\n\n<h4 class=\"gb-headline gb-headline-b09170e1\"><span class=\"gb-icon\"><svg fill=\"#000000\" version=\"1.1\" id=\"Capa_1\" xmlns=\"http:\/\/www.w3.org\/2000\/svg\" xmlns:xlink=\"http:\/\/www.w3.org\/1999\/xlink\" viewbox=\"0 0 490 490\" xml:space=\"preserve\"><g id=\"SVGRepo_bgCarrier\" stroke-width=\"0\"><\/g><g id=\"SVGRepo_tracerCarrier\" stroke-linecap=\"round\" stroke-linejoin=\"round\"><\/g><g id=\"SVGRepo_iconCarrier\"> <rect y=\"222.031\" width=\"490\" height=\"45.938\"><\/rect> <\/g><\/svg><\/span><\/h4>\n\n<\/div>\n\n\n<h2 class=\"gb-headline gb-headline-52d6ccd7 gb-headline-text\">Obtenga un presupuesto gratuito<\/h2>\n\n\n<div class=\"gb-container gb-container-dc448cf0\">\n\n<div class=\"wp-block-contact-form-7-contact-form-selector\">\n<div class=\"wpcf7 no-js\" id=\"wpcf7-f13-o1\" lang=\"en-US\" dir=\"ltr\" data-wpcf7-id=\"13\">\n<div class=\"screen-reader-response\"><p role=\"status\" aria-live=\"polite\" aria-atomic=\"true\"><\/p> <ul><\/ul><\/div>\n<form action=\"\/es\/wp-json\/wp\/v2\/pages\/219#wpcf7-f13-o1\" method=\"post\" class=\"wpcf7-form init\" aria-label=\"Formulario de contacto\" novalidate=\"novalidate\" data-status=\"init\" data-trp-original-action=\"\/es\/wp-json\/wp\/v2\/pages\/219#wpcf7-f13-o1\">\n<fieldset class=\"hidden-fields-container\"><input type=\"hidden\" name=\"_wpcf7\" value=\"13\" \/><input type=\"hidden\" name=\"_wpcf7_version\" value=\"6.1.5\" \/><input type=\"hidden\" name=\"_wpcf7_locale\" value=\"en_US\" \/><input type=\"hidden\" name=\"_wpcf7_unit_tag\" value=\"wpcf7-f13-o1\" \/><input type=\"hidden\" name=\"_wpcf7_container_post\" value=\"0\" \/><input type=\"hidden\" name=\"_wpcf7_posted_data_hash\" value=\"\" \/>\n<\/fieldset>\n<p><label><span class=\"wpcf7-form-control-wrap\" data-name=\"your-name\"><input size=\"40\" maxlength=\"400\" class=\"wpcf7-form-control wpcf7-text wpcf7-validates-as-required\" aria-required=\"true\" aria-invalid=\"false\" placeholder=\"Nombre\" value=\"\" type=\"text\" name=\"your-name\" \/><\/span><\/label>\n<\/p>\n<p><label><span class=\"wpcf7-form-control-wrap\" data-name=\"your-email\"><input size=\"40\" maxlength=\"400\" class=\"wpcf7-form-control wpcf7-email wpcf7-validates-as-required wpcf7-text wpcf7-validates-as-email\" aria-required=\"true\" aria-invalid=\"false\" placeholder=\"Correo electr\u00f3nico\" value=\"\" type=\"email\" name=\"your-email\" \/><\/span><\/label>\n<\/p>\n<p><label><span class=\"wpcf7-form-control-wrap\" data-name=\"your-tel\"><input size=\"40\" maxlength=\"400\" class=\"wpcf7-form-control wpcf7-tel wpcf7-validates-as-required wpcf7-text wpcf7-validates-as-tel\" aria-required=\"true\" aria-invalid=\"false\" placeholder=\"Tel\u00e9fono\" value=\"\" type=\"tel\" name=\"your-tel\" \/><\/span><\/label>\n<\/p>\n<p><label><span class=\"wpcf7-form-control-wrap\" data-name=\"your-message\"><textarea cols=\"40\" rows=\"10\" maxlength=\"2000\" class=\"wpcf7-form-control wpcf7-textarea wpcf7-validates-as-required\" aria-required=\"true\" aria-invalid=\"false\" placeholder=\"Mensaje*: 1. \u00bfQu\u00e9 m\u00e1quina necesita? 2. \u00bfCu\u00e1l es su materia prima? 3. \u00bfCu\u00e1l es su producto final previsto?\" name=\"your-message\"><\/textarea><\/span> <\/label>\n<\/p>\n<p><input class=\"wpcf7-form-control wpcf7-submit has-spinner\" type=\"submit\" value=\"Enviar\" \/>\n<\/p><input type=\"hidden\" id=\"ct_checkjs_cf7_884d247c6f65a96a7da4d1105d584ddd\" name=\"ct_checkjs_cf7\" value=\"0\" \/><script >setTimeout(function(){var ct_input_name = \"ct_checkjs_cf7_884d247c6f65a96a7da4d1105d584ddd\";if (document.getElementById(ct_input_name) !== null) {var ct_input_value = document.getElementById(ct_input_name).value;document.getElementById(ct_input_name).value = document.getElementById(ct_input_name).value.replace(ct_input_value, 'e8a0f2b36b5bc069b71f26eafab8344717b69a596cba111a2674b78ff4be454d');}}, 1000);<\/script><input type='hidden' class='wpcf7-pum' value='{\"closepopup\":false,\"closedelay\":0,\"openpopup\":false,\"openpopup_id\":0}' \/><div class=\"wpcf7-response-output\" aria-hidden=\"true\"><\/div>\n<input type=\"hidden\" name=\"trp-form-language\" value=\"es\"\/><\/form>\n<\/div>\n<\/div>\n\n<\/div>\n<\/div>\n<\/div>\n<\/div>","protected":false},"excerpt":{"rendered":"<p>Get in touch Get A Free Quote Now<\/p>","protected":false},"author":1,"featured_media":0,"parent":0,"menu_order":0,"comment_status":"closed","ping_status":"closed","template":"","meta":{"footnotes":""},"class_list":["post-219","page","type-page","status-publish"],"_links":{"self":[{"href":"https:\/\/envguardmachine.com\/es\/wp-json\/wp\/v2\/pages\/219","targetHints":{"allow":["GET"]}}],"collection":[{"href":"https:\/\/envguardmachine.com\/es\/wp-json\/wp\/v2\/pages"}],"about":[{"href":"https:\/\/envguardmachine.com\/es\/wp-json\/wp\/v2\/types\/page"}],"author":[{"embeddable":true,"href":"https:\/\/envguardmachine.com\/es\/wp-json\/wp\/v2\/users\/1"}],"replies":[{"embeddable":true,"href":"https:\/\/envguardmachine.com\/es\/wp-json\/wp\/v2\/comments?post=219"}],"version-history":[{"count":0,"href":"https:\/\/envguardmachine.com\/es\/wp-json\/wp\/v2\/pages\/219\/revisions"}],"wp:attachment":[{"href":"https:\/\/envguardmachine.com\/es\/wp-json\/wp\/v2\/media?parent=219"}],"curies":[{"name":"wp","href":"https:\/\/api.w.org\/{rel}","templated":true}]}}